{"id":2598,"date":"2019-04-03T19:49:44","date_gmt":"2019-04-03T19:49:44","guid":{"rendered":"http:\/\/bodrumbahcesulama.com\/?page_id=2598"},"modified":"2021-03-29T21:52:08","modified_gmt":"2021-03-29T21:52:08","slug":"peyzaj","status":"publish","type":"page","link":"https:\/\/bodrumbahcesulama.com\/en\/peyzaj\/","title":{"rendered":"Peyzaj"},"content":{"rendered":"<div class=\"vc_row wpb_row vc_row-fluid vc_custom_1540728460872\"><div class=\"niletheme-section-row niletheme_row    niletheme_row niletheme-container\"><div class=\"wpb_column vc_column_container vc_col-sm-12\"><div class=\"vc_column-inner\"><div class=\"wpb_wrapper\"><div class=\"vc_row wpb_row vc_inner vc_row-fluid\"><div class=\"wpb_column vc_column_container vc_col-sm-6\"><div class=\"vc_column-inner vc_custom_1540728478394\"><div class=\"wpb_wrapper\"><div class=\"nile-inner-row\"><div class=\"section-title margin-bottom-40px dark text-left\">\r\n                  <img decoding=\"async\" src=\"https:\/\/bodrumbahcesulama.com\/wp-content\/uploads\/2018\/10\/flower.png\" alt=\"\">\r\n                  <div class=\"h2\">Bodrum Bah\u00e7e &amp; Peyzaj<\/div>\r\n                  <div class=\"des\">  <\/div>\r\n      <\/div>\n\t<div class=\"wpb_text_column wpb_content_element  vc_custom_1554494667035\" >\n\t\t<div class=\"wpb_wrapper\">\n\t\t\t<p>G\u00fcn\u00fcm\u00fczde s\u0131k\u00e7a g\u00f6r\u00fclen peyzaj t\u00fcr\u00fc, yap\u0131lan kentsel d\u00f6n\u00fc\u015f\u00fcm projelerinin insanlara ve do\u011faya sunulan bir hediyesi olan, a\u011fa\u00e7land\u0131rma, \u00e7imlendirme, \u00e7i\u00e7eklendirme, \u0131\u015f\u0131kland\u0131rma, kald\u0131r\u0131lamayacak olan beton y\u0131\u011f\u0131nlar\u0131n\u0131n gizlenmesi ve oturma alanlar\u0131n\u0131n yap\u0131lmas\u0131d\u0131r. Ne ho\u015ftur ki do\u011fan\u0131n g\u00fczelli\u011finin daha farkl\u0131 bir \u015fekilde d\u00fczenlenmesi ve biz d\u00fcnyan\u0131n en \u00f6nemli varl\u0131\u011f\u0131 olan insanlara sunulmas\u0131; t\u0131pk\u0131 ye\u015filin, mavinin, morun, sar\u0131n\u0131n, k\u0131rm\u0131z\u0131n\u0131n dans etti\u011fi bir tablo gibi.<\/p>\n\n\t\t<\/div>\n\t<\/div>\n<div class=\"text-left\"><a class=\"nile-bottom sm\" href=\"http:\/\/bodrumbahcesulama.com\/en\/iletisim\/\" role=\"button\">Bize Ula\u015f\u0131n<\/a><\/div><\/div><\/div><\/div><\/div><div class=\"wpb_column vc_column_container vc_col-sm-6\"><div class=\"vc_column-inner\"><div class=\"wpb_wrapper\"><div class=\"nile-inner-row\">\n\t<div  class=\"wpb_single_image wpb_content_element vc_align_left  vc_custom_1554494755849\">\n\t\t\n\t\t<figure class=\"wpb_wrapper vc_figure\">\n\t\t\t<div class=\"vc_single_image-wrapper   vc_box_border_grey\"><img loading=\"lazy\" decoding=\"async\" width=\"1600\" height=\"880\" src=\"https:\/\/bodrumbahcesulama.com\/wp-content\/uploads\/2018\/10\/khidir-portfolio-5.jpg\" class=\"vc_single_image-img attachment-full\" alt=\"\" srcset=\"https:\/\/bodrumbahcesulama.com\/wp-content\/uploads\/2018\/10\/khidir-portfolio-5.jpg 1600w, https:\/\/bodrumbahcesulama.com\/wp-content\/uploads\/2018\/10\/khidir-portfolio-5-300x165.jpg 300w, https:\/\/bodrumbahcesulama.com\/wp-content\/uploads\/2018\/10\/khidir-portfolio-5-768x422.jpg 768w, https:\/\/bodrumbahcesulama.com\/wp-content\/uploads\/2018\/10\/khidir-portfolio-5-1024x563.jpg 1024w, https:\/\/bodrumbahcesulama.com\/wp-content\/uploads\/2018\/10\/khidir-portfolio-5-600x330.jpg 600w\" sizes=\"auto, (max-width: 1600px) 100vw, 1600px\" \/><\/div>\n\t\t<\/figure>\n\t<\/div>\n<\/div><\/div><\/div><\/div><\/div><\/div><\/div><\/div><\/div><\/div><div class=\"vc_row wpb_row vc_row-fluid vc_custom_1540728618005 vc_row-has-fill\"><div class=\"niletheme-section-row niletheme_row    niletheme_row niletheme-container\"><div class=\"wpb_column vc_column_container vc_col-sm-12\"><div class=\"vc_column-inner\"><div class=\"wpb_wrapper\"><div class=\"vc_row wpb_row vc_inner vc_row-fluid\"><div class=\"wpb_column vc_column_container vc_col-sm-2\"><div class=\"vc_column-inner\"><div class=\"wpb_wrapper\"><div class=\"nile-inner-row\"><\/div><\/div><\/div><\/div><div class=\"wpb_column vc_column_container vc_col-sm-8\"><div class=\"vc_column-inner\"><div class=\"wpb_wrapper\"><div class=\"nile-inner-row\"><div class=\"section-title margin-bottom-40px dark text-center\">\r\n                  <img decoding=\"async\" src=\"https:\/\/bodrumbahcesulama.com\/wp-content\/uploads\/2018\/10\/flower.png\" alt=\"\">\r\n                  <div class=\"h2\">H\u0130ZMETLER\u0130M\u0130Z<\/div>\r\n                  <div class=\"des\">  <\/div>\r\n      <\/div><\/div><\/div><\/div><\/div><div class=\"wpb_column vc_column_container vc_col-sm-2\"><div class=\"vc_column-inner\"><div class=\"wpb_wrapper\"><div class=\"nile-inner-row\"><\/div><\/div><\/div><\/div><\/div><div><div class=\"row\"><div class=\"col-xl-4 col-lg-4 col-md-6\">\r\n<div id=\"post-92\" class=\"khidir-service layout-1 box-shadow text-center\">\r\n    <div class=\"img_in\">\r\n        <a href=\"https:\/\/bodrumbahcesulama.com\/en\/service\/otomatik-bahce-sulama\/\">\r\n            <img loading=\"lazy\" decoding=\"async\" width=\"500\" height=\"300\" src=\"https:\/\/bodrumbahcesulama.com\/wp-content\/uploads\/2018\/10\/otomatik-bah\u00e7e-sulama-sistemleri-500x300.jpg\" class=\"attachment-niletheme_500x300 size-niletheme_500x300 wp-post-image\" alt=\"\" \/>            <div class=\"icon\">\r\n                <img decoding=\"async\" src=\"https:\/\/bodrumbahcesulama.com\/wp-content\/uploads\/2018\/10\/icon-6.svg\" alt>\r\n            <\/div>\r\n\r\n        <\/a>\r\n    <\/div>\r\n    <a class=\"title\" href=\"https:\/\/bodrumbahcesulama.com\/en\/service\/otomatik-bahce-sulama\/\">\r\n        <div class=\"icon\">\r\n            <img decoding=\"async\" src=\"https:\/\/bodrumbahcesulama.com\/wp-content\/uploads\/2018\/10\/icon-6.svg\" alt>\r\n        <\/div>\r\n        <div class=\"title-in\">\r\n            OTOMAT\u0130K BAH\u00c7E SULAMA        <\/div>\r\n    <\/a>\r\n    <div class=\"excerpt excerpt-25\">\r\n        <p>Bodrum Bah\u00e7e Sulama Sistemleri profesyonel ekibi ve son teknoloji \u00fcr\u00fcnleri ile otomatik sulama projelerinde hizmetinizde&#8230;..<\/p>\n    <\/div>\r\n<\/div>\r\n<\/div><div class=\"col-xl-4 col-lg-4 col-md-6\">\r\n<div id=\"post-89\" class=\"khidir-service layout-1 box-shadow text-center\">\r\n    <div class=\"img_in\">\r\n        <a href=\"https:\/\/bodrumbahcesulama.com\/en\/service\/damlama-sulama-sistemi\/\">\r\n            <img loading=\"lazy\" decoding=\"async\" width=\"500\" height=\"300\" src=\"https:\/\/bodrumbahcesulama.com\/wp-content\/uploads\/2018\/10\/khidir-service-5-500x300.jpg\" class=\"attachment-niletheme_500x300 size-niletheme_500x300 wp-post-image\" alt=\"\" \/>            <div class=\"icon\">\r\n                <img decoding=\"async\" src=\"https:\/\/bodrumbahcesulama.com\/wp-content\/uploads\/2018\/10\/icon-5.svg\" alt>\r\n            <\/div>\r\n\r\n        <\/a>\r\n    <\/div>\r\n    <a class=\"title\" href=\"https:\/\/bodrumbahcesulama.com\/en\/service\/damlama-sulama-sistemi\/\">\r\n        <div class=\"icon\">\r\n            <img decoding=\"async\" src=\"https:\/\/bodrumbahcesulama.com\/wp-content\/uploads\/2018\/10\/icon-5.svg\" alt>\r\n        <\/div>\r\n        <div class=\"title-in\">\r\n            DAMLAMA SULAMA S\u0130STEM\u0130        <\/div>\r\n    <\/a>\r\n    <div class=\"excerpt excerpt-25\">\r\n        <p>Damla Sulama Sistemlerinde temel ilke, s\u0131k aral\u0131klarla az miktarda sulama suyu uygulamaktad\u0131r&#8230;<\/p>\n    <\/div>\r\n<\/div>\r\n<\/div><div class=\"col-xl-4 col-lg-4 col-md-6\">\r\n<div id=\"post-28\" class=\"khidir-service layout-1 box-shadow text-center\">\r\n    <div class=\"img_in\">\r\n        <a href=\"https:\/\/bodrumbahcesulama.com\/en\/service\/bahce-kontrol-peyzaj\/\">\r\n            <img loading=\"lazy\" decoding=\"async\" width=\"500\" height=\"300\" src=\"https:\/\/bodrumbahcesulama.com\/wp-content\/uploads\/2018\/10\/khidir-service-1-500x300.jpg\" class=\"attachment-niletheme_500x300 size-niletheme_500x300 wp-post-image\" alt=\"\" \/>            <div class=\"icon\">\r\n                <img decoding=\"async\" src=\"https:\/\/bodrumbahcesulama.com\/wp-content\/uploads\/2018\/10\/icon-1.svg\" alt>\r\n            <\/div>\r\n\r\n        <\/a>\r\n    <\/div>\r\n    <a class=\"title\" href=\"https:\/\/bodrumbahcesulama.com\/en\/service\/bahce-kontrol-peyzaj\/\">\r\n        <div class=\"icon\">\r\n            <img decoding=\"async\" src=\"https:\/\/bodrumbahcesulama.com\/wp-content\/uploads\/2018\/10\/icon-1.svg\" alt>\r\n        <\/div>\r\n        <div class=\"title-in\">\r\n            BAH\u00c7E KONTROL- PEYZAJ        <\/div>\r\n    <\/a>\r\n    <div class=\"excerpt excerpt-25\">\r\n        <p>Bodrum Bah\u00e7e Sulama Firmas\u0131, ortak ye\u015fil alanlar\u0131n\u0131n ve bah\u00e7elerin bak\u0131m ve idamesi site y\u00f6netimi ve firmam\u0131z taraf\u0131ndan haz\u0131rlanan y\u0131ll\u0131k, ayl\u0131k ve haftal\u0131k programlar ve teknik \u015fartname do\u011frultusunda ilgili bak\u0131m firmalar\u0131nca y\u00fcr\u00fct\u00fclmektedir.<\/p>\n    <\/div>\r\n<\/div>\r\n<\/div><div class=\"col-xl-4 col-lg-4 col-md-6\">\r\n<div id=\"post-27\" class=\"khidir-service layout-1 box-shadow text-center\">\r\n    <div class=\"img_in\">\r\n        <a href=\"https:\/\/bodrumbahcesulama.com\/en\/service\/yagmurlama-tabancasi\/\">\r\n            <img loading=\"lazy\" decoding=\"async\" width=\"500\" height=\"300\" src=\"https:\/\/bodrumbahcesulama.com\/wp-content\/uploads\/2018\/10\/Ya\u011fmurlama-Tabanca-Ve-Sulama-Sistemi-500x300.jpg\" class=\"attachment-niletheme_500x300 size-niletheme_500x300 wp-post-image\" alt=\"\" \/>            <div class=\"icon\">\r\n                <img decoding=\"async\" src=\"https:\/\/bodrumbahcesulama.com\/wp-content\/uploads\/2018\/10\/icon-2.svg\" alt>\r\n            <\/div>\r\n\r\n        <\/a>\r\n    <\/div>\r\n    <a class=\"title\" href=\"https:\/\/bodrumbahcesulama.com\/en\/service\/yagmurlama-tabancasi\/\">\r\n        <div class=\"icon\">\r\n            <img decoding=\"async\" src=\"https:\/\/bodrumbahcesulama.com\/wp-content\/uploads\/2018\/10\/icon-2.svg\" alt>\r\n        <\/div>\r\n        <div class=\"title-in\">\r\n            YA\u011eMURLAMA TABANCALAR        <\/div>\r\n    <\/a>\r\n    <div class=\"excerpt excerpt-25\">\r\n        <p>Bitki geli\u015fmesi i\u00e7in gerekli olan ancak do\u011fal yollarla kar\u015f\u0131lanamayan suyun, \u00e7evre sorunu yaratmadan \u00e7e\u015fitli sistemler&#8230;<\/p>\n    <\/div>\r\n<\/div>\r\n<\/div><div class=\"col-xl-4 col-lg-4 col-md-6\">\r\n<div id=\"post-26\" class=\"khidir-service layout-1 box-shadow text-center\">\r\n    <div class=\"img_in\">\r\n        <a href=\"https:\/\/bodrumbahcesulama.com\/en\/service\/sprey-sprinkler-yagmurlama-sistemi\/\">\r\n            <img loading=\"lazy\" decoding=\"async\" width=\"500\" height=\"300\" src=\"https:\/\/bodrumbahcesulama.com\/wp-content\/uploads\/2018\/10\/Sprinkler-Sistem-Pop-up-Ya\u011fmurlama-Sistemleri-500x300.jpg\" class=\"attachment-niletheme_500x300 size-niletheme_500x300 wp-post-image\" alt=\"\" \/>            <div class=\"icon\">\r\n                <img decoding=\"async\" src=\"https:\/\/bodrumbahcesulama.com\/wp-content\/uploads\/2018\/10\/icon-3.svg\" alt>\r\n            <\/div>\r\n\r\n        <\/a>\r\n    <\/div>\r\n    <a class=\"title\" href=\"https:\/\/bodrumbahcesulama.com\/en\/service\/sprey-sprinkler-yagmurlama-sistemi\/\">\r\n        <div class=\"icon\">\r\n            <img decoding=\"async\" src=\"https:\/\/bodrumbahcesulama.com\/wp-content\/uploads\/2018\/10\/icon-3.svg\" alt>\r\n        <\/div>\r\n        <div class=\"title-in\">\r\n            SPREY SPR\u0130NKLER        <\/div>\r\n    <\/a>\r\n    <div class=\"excerpt excerpt-25\">\r\n        <p>Sprinkler Sistem; pop-up ya\u011fmurlama sistemleri, bile\u015fenleri ve ba\u015flang\u0131\u00e7 setlerinden olu\u015fur&#8230;<\/p>\n    <\/div>\r\n<\/div>\r\n<\/div><div class=\"col-xl-4 col-lg-4 col-md-6\">\r\n<div id=\"post-25\" class=\"khidir-service layout-1 box-shadow text-center\">\r\n    <div class=\"img_in\">\r\n        <a href=\"https:\/\/bodrumbahcesulama.com\/en\/service\/center-pivot-sulama\/\">\r\n            <img loading=\"lazy\" decoding=\"async\" width=\"500\" height=\"300\" src=\"https:\/\/bodrumbahcesulama.com\/wp-content\/uploads\/2018\/10\/Center-Pivot-Sulama-Sistemi-500x300.jpg\" class=\"attachment-niletheme_500x300 size-niletheme_500x300 wp-post-image\" alt=\"pivot sulama\" \/>            <div class=\"icon\">\r\n                <img decoding=\"async\" src=\"https:\/\/bodrumbahcesulama.com\/wp-content\/uploads\/2018\/10\/icon-4.svg\" alt>\r\n            <\/div>\r\n\r\n        <\/a>\r\n    <\/div>\r\n    <a class=\"title\" href=\"https:\/\/bodrumbahcesulama.com\/en\/service\/center-pivot-sulama\/\">\r\n        <div class=\"icon\">\r\n            <img decoding=\"async\" src=\"https:\/\/bodrumbahcesulama.com\/wp-content\/uploads\/2018\/10\/icon-4.svg\" alt>\r\n        <\/div>\r\n        <div class=\"title-in\">\r\n            CENTER P\u0130VOT SULAMA        <\/div>\r\n    <\/a>\r\n    <div class=\"excerpt excerpt-25\">\r\n        <p>Center pivot sulama sistemine bodrum bah\u00e7e sulama ile sahip olun. Tarla ve bah\u00e7elerinize daha az su ile daha fazla verim kazand\u0131r\u0131n<\/p>\n    <\/div>\r\n<\/div>\r\n<\/div><\/div><\/div><\/div><\/div><\/div><\/div><\/div><div class=\"vc_row wpb_row vc_row-fluid\"><div class=\"niletheme-section-row niletheme_row    niletheme_row niletheme-container\"><div class=\"wpb_column vc_column_container vc_col-sm-12\"><div class=\"vc_column-inner\"><div class=\"wpb_wrapper\">\n\t<div class=\"wpb_text_column wpb_content_element\" >\n\t\t<div class=\"wpb_wrapper\">\n\t\t\t\n\t\t<\/div>\n\t<\/div>\n<\/div><\/div><\/div><\/div><\/div><!-- \/wp:post-content -->","protected":false},"excerpt":{"rendered":"Center Pivot Sulama Sistemi Betonarme bir platformun \u00fczerinde dairesel d\u00f6n\u00fc\u015f yaparak hareket eder. Sulamay\u0131 otomatik olarak el de\u011fmeden yapar. Center Pivotlar 50 metreden 1100 metreye kadar ula\u015fabilmektedir. Tar\u0131m alanlar\u0131nda verim art\u0131\u015f\u0131 sa\u011flamak g\u00fcn\u00fcm\u00fcz \u015fartlar\u0131nda sulama ve sulama sistemlerine olan gereksinimi bir kez daha g\u00f6z \u00f6n\u00fcne getirmi\u015ftir. Gerek tar\u0131m alanlar\u0131n\u0131n b\u00fcy\u00fckl\u00fc\u011f\u00fc gerekse entegre tesislerin kurulmas\u0131 ile...","protected":false},"author":1,"featured_media":0,"parent":0,"menu_order":0,"comment_status":"closed","ping_status":"closed","template":"page-templates\/home-blank.php","meta":{"_exactmetrics_skip_tracking":false,"_exactmetrics_sitenote_active":false,"_exactmetrics_sitenote_note":"","_exactmetrics_sitenote_category":0,"footnotes":""},"class_list":["post-2598","page","type-page","status-publish","hentry"],"_links":{"self":[{"href":"https:\/\/bodrumbahcesulama.com\/en\/wp-json\/wp\/v2\/pages\/2598","targetHints":{"allow":["GET"]}}],"collection":[{"href":"https:\/\/bodrumbahcesulama.com\/en\/wp-json\/wp\/v2\/pages"}],"about":[{"href":"https:\/\/bodrumbahcesulama.com\/en\/wp-json\/wp\/v2\/types\/page"}],"author":[{"embeddable":true,"href":"https:\/\/bodrumbahcesulama.com\/en\/wp-json\/wp\/v2\/users\/1"}],"replies":[{"embeddable":true,"href":"https:\/\/bodrumbahcesulama.com\/en\/wp-json\/wp\/v2\/comments?post=2598"}],"version-history":[{"count":5,"href":"https:\/\/bodrumbahcesulama.com\/en\/wp-json\/wp\/v2\/pages\/2598\/revisions"}],"predecessor-version":[{"id":2909,"href":"https:\/\/bodrumbahcesulama.com\/en\/wp-json\/wp\/v2\/pages\/2598\/revisions\/2909"}],"wp:attachment":[{"href":"https:\/\/bodrumbahcesulama.com\/en\/wp-json\/wp\/v2\/media?parent=2598"}],"curies":[{"name":"wp","href":"https:\/\/api.w.org\/{rel}","templated":true}]}}