{"id":2517,"date":"2018-10-24T18:49:43","date_gmt":"2018-10-24T18:49:43","guid":{"rendered":"http:\/\/nilethemes.com\/wordpress\/khidir\/?page_id=2267"},"modified":"2021-03-29T21:36:09","modified_gmt":"2021-03-29T21:36:09","slug":"iletisim","status":"publish","type":"page","link":"https:\/\/bodrumbahcesulama.com\/en\/iletisim\/","title":{"rendered":"\u0130leti\u015fim"},"content":{"rendered":"<div class=\"vc_row wpb_row vc_row-fluid vc_custom_1540739214843 vc_row-has-fill\"><div class=\"niletheme-section-row niletheme_row    niletheme_row niletheme-container\"><div class=\"wpb_column vc_column_container vc_col-sm-6\"><div class=\"vc_column-inner\"><div class=\"wpb_wrapper\"><div class='niletheme-dark-form'>\n<div class=\"wpcf7 no-js\" id=\"wpcf7-f2162-o1\" lang=\"en-US\" dir=\"ltr\" data-wpcf7-id=\"2162\">\n<div class=\"screen-reader-response\"><p role=\"status\" aria-live=\"polite\" aria-atomic=\"true\"><\/p> <ul><\/ul><\/div>\n<form action=\"\/en\/wp-json\/wp\/v2\/pages\/2517#wpcf7-f2162-o1\" method=\"post\" class=\"wpcf7-form init\" aria-label=\"Contact form\" novalidate=\"novalidate\" data-status=\"init\" data-trp-original-action=\"\/en\/wp-json\/wp\/v2\/pages\/2517#wpcf7-f2162-o1\">\n<fieldset class=\"hidden-fields-container\"><input type=\"hidden\" name=\"_wpcf7\" value=\"2162\" \/><input type=\"hidden\" name=\"_wpcf7_version\" value=\"6.1.3\" \/><input type=\"hidden\" name=\"_wpcf7_locale\" value=\"en_US\" \/><input type=\"hidden\" name=\"_wpcf7_unit_tag\" value=\"wpcf7-f2162-o1\" \/><input type=\"hidden\" name=\"_wpcf7_container_post\" value=\"0\" \/><input type=\"hidden\" name=\"_wpcf7_posted_data_hash\" value=\"\" \/>\n<\/fieldset>\n<div class=\"row\">\n\t<div class=\"col-lg-6\">\n\t\t<p><span class=\"wpcf7-form-control-wrap\" data-name=\"your-name\"><input size=\"40\" maxlength=\"400\" class=\"wpcf7-form-control wpcf7-text wpcf7-validates-as-required\" aria-required=\"true\" aria-invalid=\"false\" placeholder=\"Ad\u0131n\u0131z *\" value=\"\" type=\"text\" name=\"your-name\" \/><\/span>\n\t\t<\/p>\n\t<\/div>\n\t<div class=\"col-lg-6\">\n\t\t<p><span class=\"wpcf7-form-control-wrap\" data-name=\"your-email\"><input size=\"40\" maxlength=\"400\" class=\"wpcf7-form-control wpcf7-email wpcf7-validates-as-required wpcf7-text wpcf7-validates-as-email\" aria-required=\"true\" aria-invalid=\"false\" placeholder=\"E Posta *\" value=\"\" type=\"email\" name=\"your-email\" \/><\/span>\n\t\t<\/p>\n\t<\/div>\n\t<div class=\"col-lg-6\">\n\t\t<p><span class=\"wpcf7-form-control-wrap\" data-name=\"your-phone\"><input size=\"40\" maxlength=\"400\" class=\"wpcf7-form-control wpcf7-text\" aria-invalid=\"false\" placeholder=\"Telefon\" value=\"\" type=\"text\" name=\"your-phone\" \/><\/span>\n\t\t<\/p>\n\t<\/div>\n\t<div class=\"col-lg-6\">\n\t\t<p><span class=\"wpcf7-form-control-wrap\" data-name=\"menu-764\"><select class=\"wpcf7-form-control wpcf7-select\" aria-invalid=\"false\" name=\"menu-764\"><option value=\"Bah\u00e7e Sulama\">Bah\u00e7e Sulama<\/option><option value=\"Peyzaj\">Peyzaj<\/option><option value=\"Damla Sulama\">Damla Sulama<\/option><option value=\"Rain Bird\">Rain Bird<\/option><\/select><\/span>\n\t\t<\/p>\n\t<\/div>\n\t<div class=\"col-12\">\n\t\t<p><span class=\"wpcf7-form-control-wrap\" data-name=\"your-message\"><textarea cols=\"40\" rows=\"10\" maxlength=\"2000\" class=\"wpcf7-form-control wpcf7-textarea\" aria-invalid=\"false\" placeholder=\"Mesaj\u0131n\u0131z\" name=\"your-message\"><\/textarea><\/span>\n\t\t<\/p>\n\t<\/div>\n\t<div class=\"col-12\">\n\t\t<p><input class=\"wpcf7-form-control wpcf7-submit has-spinner\" type=\"submit\" value=\"G\u00f6nder\" \/>\n\t\t<\/p>\n\t<\/div>\n<\/div><div class=\"wpcf7-response-output\" aria-hidden=\"true\"><\/div>\n<input type=\"hidden\" name=\"trp-form-language\" value=\"en\"\/><\/form>\n<\/div>\n <\/div><\/div><\/div><\/div><div class=\"wpb_column vc_column_container vc_col-sm-6\"><div class=\"vc_column-inner\"><div class=\"wpb_wrapper\"><div class=\"wpb_gmaps_widget wpb_content_element\" >\n\t\t<div class=\"wpb_wrapper\">\n\t\t<div class=\"wpb_map_wraper\">\n\t\t\t<iframe loading=\"lazy\" src=\"https:\/\/www.google.com\/maps\/embed?pb=!1m18!1m12!1m3!1d3183.269883118254!2d27.454974914694304!3d37.074878559890195!2m3!1f0!2f0!3f0!3m2!1i1024!2i768!4f13.1!3m3!1m2!1s0x14be6933592e339b%3A0xcdd07fc8572f44f3!2sTorba+Mahallesi%2C+R%C4%B1za+Anter+Cd.+No%3A35%2C+48400+Bodrum%2FMu%C4%9Fla!5e0!3m2!1str!2str!4v1554329795962!5m2!1str!2str\" width=\"600\" height=\"450\" frameborder=\"0\" style=\"border:0\" allowfullscreen><\/iframe>\t\t<\/div>\n\t<\/div>\n<\/div>\n<\/div><\/div><\/div><\/div><\/div><div class=\"vc_row wpb_row vc_row-fluid vc_custom_1540739281416 vc_row-has-fill\"><div class=\"niletheme-section-row niletheme_row    niletheme_row niletheme-container\"><div class=\"wpb_column vc_column_container vc_col-sm-12\"><div class=\"vc_column-inner\"><div class=\"wpb_wrapper\"><div class=\"vc_row wpb_row vc_inner vc_row-fluid\"><div class=\"wpb_column vc_column_container vc_col-sm-2\"><div class=\"vc_column-inner\"><div class=\"wpb_wrapper\"><div class=\"nile-inner-row\"><\/div><\/div><\/div><\/div><div class=\"wpb_column vc_column_container vc_col-sm-8\"><div class=\"vc_column-inner\"><div class=\"wpb_wrapper\"><div class=\"nile-inner-row\"><div class=\"section-title margin-bottom-40px dark text-center\">\r\n                  <img decoding=\"async\" src=\"https:\/\/bodrumbahcesulama.com\/wp-content\/uploads\/2018\/10\/flower.png\" alt=\"\">\r\n                  <div class=\"h2\">M\u00fc\u015fteri Destek <\/div>\r\n                  <div class=\"des\"> 0532 570 28 37 <\/div>\r\n      <\/div><\/div><\/div><\/div><\/div><div class=\"wpb_column vc_column_container vc_col-sm-2\"><div class=\"vc_column-inner\"><div class=\"wpb_wrapper\"><div class=\"nile-inner-row\"><\/div><\/div><\/div><\/div><\/div><div class=\"vc_row wpb_row vc_inner vc_row-fluid\"><div class=\"wpb_column vc_column_container vc_col-sm-12\"><div class=\"vc_column-inner\"><div class=\"wpb_wrapper\"><div class=\"nile-inner-row\"><div class=\"nile-icons-text layout-1 margin-bottom-35px\">\r\n          <div class=\"icon\"><img decoding=\"async\" src=\"https:\/\/bodrumbahcesulama.com\/wp-content\/uploads\/2018\/10\/map-location.svg\" alt=\"MU\u011eLA - BODRUM\" \/><\/div>\r\n          <div class=\"title h2\">MU\u011eLA - BODRUM<\/div>\r\n          <div class=\"des\">Torba R\u0131za Anter Cad. 35\/C<br \/>\nBodrum &#8211; MU\u011eLA, T\u00dcRK\u0130YE<\/div>\r\n      <\/div><\/div><\/div><\/div><\/div><\/div><\/div><\/div><\/div><\/div><\/div>","protected":false},"excerpt":{"rendered":"Bah\u00e7e SulamaPeyzajDamla SulamaRain Bird M\u00fc\u015fteri Destek 0532 570 28 37 MU\u011eLA - BODRUM Torba R\u0131za Anter Cad. 35\/C Bodrum - MU\u011eLA, T\u00dcRK\u0130YE","protected":false},"author":1,"featured_media":0,"parent":0,"menu_order":0,"comment_status":"closed","ping_status":"closed","template":"page-templates\/home-blank.php","meta":{"_exactmetrics_skip_tracking":false,"_exactmetrics_sitenote_active":false,"_exactmetrics_sitenote_note":"","_exactmetrics_sitenote_category":0,"footnotes":""},"class_list":["post-2517","page","type-page","status-publish","hentry"],"_links":{"self":[{"href":"https:\/\/bodrumbahcesulama.com\/en\/wp-json\/wp\/v2\/pages\/2517","targetHints":{"allow":["GET"]}}],"collection":[{"href":"https:\/\/bodrumbahcesulama.com\/en\/wp-json\/wp\/v2\/pages"}],"about":[{"href":"https:\/\/bodrumbahcesulama.com\/en\/wp-json\/wp\/v2\/types\/page"}],"author":[{"embeddable":true,"href":"https:\/\/bodrumbahcesulama.com\/en\/wp-json\/wp\/v2\/users\/1"}],"replies":[{"embeddable":true,"href":"https:\/\/bodrumbahcesulama.com\/en\/wp-json\/wp\/v2\/comments?post=2517"}],"version-history":[{"count":6,"href":"https:\/\/bodrumbahcesulama.com\/en\/wp-json\/wp\/v2\/pages\/2517\/revisions"}],"predecessor-version":[{"id":2906,"href":"https:\/\/bodrumbahcesulama.com\/en\/wp-json\/wp\/v2\/pages\/2517\/revisions\/2906"}],"wp:attachment":[{"href":"https:\/\/bodrumbahcesulama.com\/en\/wp-json\/wp\/v2\/media?parent=2517"}],"curies":[{"name":"wp","href":"https:\/\/api.w.org\/{rel}","templated":true}]}}