{"id":2516,"date":"2018-10-24T18:49:33","date_gmt":"2018-10-24T18:49:33","guid":{"rendered":"http:\/\/nilethemes.com\/wordpress\/khidir\/?page_id=2265"},"modified":"2021-03-29T21:38:41","modified_gmt":"2021-03-29T21:38:41","slug":"iletisim-0532-570-28-37","status":"publish","type":"page","link":"https:\/\/bodrumbahcesulama.com\/en\/iletisim-0532-570-28-37\/","title":{"rendered":"Mobil \u0130leti\u015fim"},"content":{"rendered":"<div class=\"vc_row wpb_row vc_row-fluid vc_custom_1540738402490\"><div class=\"niletheme-section-row niletheme_row    niletheme_row niletheme-container\"><div class=\"wpb_column vc_column_container vc_col-sm-12\"><div class=\"vc_column-inner\"><div class=\"wpb_wrapper\"><div class=\"vc_row wpb_row vc_inner vc_row-fluid\"><div class=\"wpb_column vc_column_container vc_col-sm-2\"><div class=\"vc_column-inner\"><div class=\"wpb_wrapper\"><div class=\"nile-inner-row\"><\/div><\/div><\/div><\/div><div class=\"wpb_column vc_column_container vc_col-sm-8\"><div class=\"vc_column-inner\"><div class=\"wpb_wrapper\"><div class=\"nile-inner-row\"><div class=\"section-title margin-bottom-40px dark text-center\">\r\n                  <img decoding=\"async\" src=\"https:\/\/bodrumbahcesulama.com\/wp-content\/uploads\/2018\/10\/flower.png\" alt=\"\">\r\n                  <div class=\"h2\">0532 570 28 37<\/div>\r\n                  <div class=\"des\"> BODRUM BAH\u00c7E SULAMA S\u0130STEMLER\u0130 <\/div>\r\n      <\/div><\/div><\/div><\/div><\/div><div class=\"wpb_column vc_column_container vc_col-sm-2\"><div class=\"vc_column-inner\"><div class=\"wpb_wrapper\"><div class=\"nile-inner-row\"><\/div><\/div><\/div><\/div><\/div><div class=\"vc_row wpb_row vc_inner vc_row-fluid\"><div class=\"wpb_column vc_column_container vc_col-sm-12\"><div class=\"vc_column-inner\"><div class=\"wpb_wrapper\"><div class=\"nile-inner-row\"><div class=\"nile-icons-text layout-1 margin-bottom-35px\">\r\n          <div class=\"icon\"><img decoding=\"async\" src=\"https:\/\/bodrumbahcesulama.com\/wp-content\/uploads\/2018\/10\/map-location.svg\" alt=\"MU\u011eLA - BODRUM\" \/><\/div>\r\n          <div class=\"title h2\">MU\u011eLA - BODRUM<\/div>\r\n          <div class=\"des\">Torba R\u0131za Anter Cad. 35\/C<br \/>\nBodrum \u2013 MU\u011eLA, T\u00dcRK\u0130YE<\/div>\r\n      <\/div><\/div><\/div><\/div><\/div><\/div><\/div><\/div><\/div><\/div><\/div><div class=\"vc_row wpb_row vc_row-fluid\"><div class=\"niletheme-section-row niletheme_row    niletheme_row niletheme-container\"><div class=\"wpb_column vc_column_container vc_col-sm-12\"><div class=\"vc_column-inner\"><div class=\"wpb_wrapper\"><div class=\"wpb_gmaps_widget wpb_content_element\" >\n\t\t<div class=\"wpb_wrapper\">\n\t\t<div class=\"wpb_map_wraper\">\n\t\t\t<iframe src=\"https:\/\/www.google.com\/maps\/embed?pb=!1m18!1m12!1m3!1d3183.2700627938734!2d27.45497491536621!3d37.07487427989292!2m3!1f0!2f0!3f0!3m2!1i1024!2i768!4f13.1!3m3!1m2!1s0x14be698094988f6d%3A0xdc39a2242953e3e9!2sBodrum%20Bah%C3%A7e%20Sulama!5e0!3m2!1str!2str!4v1617047673153!5m2!1str!2str\" width=\"1000\" height=\"450\" style=\"border:0;\" allowfullscreen=\"\" loading=\"lazy\"><\/iframe>\t\t<\/div>\n\t<\/div>\n<\/div>\n<\/div><\/div><\/div><\/div><\/div>","protected":false},"excerpt":{"rendered":"0532 570 28 37 BODRUM BAH\u00c7E SULAMA S\u0130STEMLER\u0130 MU\u011eLA - BODRUM Torba R\u0131za Anter Cad. 35\/C Bodrum \u2013 MU\u011eLA, T\u00dcRK\u0130YE","protected":false},"author":1,"featured_media":0,"parent":0,"menu_order":0,"comment_status":"closed","ping_status":"closed","template":"page-templates\/home-blank.php","meta":{"_exactmetrics_skip_tracking":false,"_exactmetrics_sitenote_active":false,"_exactmetrics_sitenote_note":"","_exactmetrics_sitenote_category":0,"footnotes":""},"class_list":["post-2516","page","type-page","status-publish","hentry"],"_links":{"self":[{"href":"https:\/\/bodrumbahcesulama.com\/en\/wp-json\/wp\/v2\/pages\/2516","targetHints":{"allow":["GET"]}}],"collection":[{"href":"https:\/\/bodrumbahcesulama.com\/en\/wp-json\/wp\/v2\/pages"}],"about":[{"href":"https:\/\/bodrumbahcesulama.com\/en\/wp-json\/wp\/v2\/types\/page"}],"author":[{"embeddable":true,"href":"https:\/\/bodrumbahcesulama.com\/en\/wp-json\/wp\/v2\/users\/1"}],"replies":[{"embeddable":true,"href":"https:\/\/bodrumbahcesulama.com\/en\/wp-json\/wp\/v2\/comments?post=2516"}],"version-history":[{"count":6,"href":"https:\/\/bodrumbahcesulama.com\/en\/wp-json\/wp\/v2\/pages\/2516\/revisions"}],"predecessor-version":[{"id":2908,"href":"https:\/\/bodrumbahcesulama.com\/en\/wp-json\/wp\/v2\/pages\/2516\/revisions\/2908"}],"wp:attachment":[{"href":"https:\/\/bodrumbahcesulama.com\/en\/wp-json\/wp\/v2\/media?parent=2516"}],"curies":[{"name":"wp","href":"https:\/\/api.w.org\/{rel}","templated":true}]}}