{"id":2510,"date":"2018-10-24T18:47:56","date_gmt":"2018-10-24T18:47:56","guid":{"rendered":"http:\/\/nilethemes.com\/wordpress\/khidir\/?page_id=2259"},"modified":"2021-03-29T21:33:38","modified_gmt":"2021-03-29T21:33:38","slug":"hakkimizda","status":"publish","type":"page","link":"https:\/\/bodrumbahcesulama.com\/en\/hakkimizda\/","title":{"rendered":"Hakk\u0131m\u0131zda"},"content":{"rendered":"<div class=\"vc_row wpb_row vc_row-fluid vc_custom_1539883296436 vc_row-has-fill\"><div class=\"niletheme-section-row niletheme_row    niletheme_row niletheme-container\"><div class=\"wpb_column vc_column_container vc_col-sm-12\"><div class=\"vc_column-inner\"><div class=\"wpb_wrapper\"><div class=\"vc_row wpb_row vc_inner vc_row-fluid\"><div class=\"wpb_column vc_column_container vc_col-sm-12\"><div class=\"vc_column-inner\"><div class=\"wpb_wrapper\"><div class=\"nile-inner-row\"><div class=\"section-title margin-bottom-40px dark text-center\">\r\n                  <img decoding=\"async\" src=\"https:\/\/bodrumbahcesulama.com\/wp-content\/uploads\/2018\/10\/flower.png\" alt=\"\">\r\n                  <div class=\"h2\">Bodrum Bah\u00e7e Sulama Sistemleri<\/div>\r\n                  <div class=\"des\"> Firmam\u0131z bug\u00fcne kadar \u00f6nemli projelerin hayata ge\u00e7irilmesinde pay sahibi olmu\u015f ve b\u00fcy\u00fcyerek geli\u015fimine devam etmektedir. Bah\u00e7e d\u00fczenleri ve sulama sistemleri konusunda uzman kadro ve ekibi ile siz de\u011ferli m\u00fc\u015fterilerimizin memnuniyetini en \u00fcst seviyede tutarak hizmet vermeyi kendimize ama\u00e7 edindik. Hedefimiz teknolojik ve sosyal geli\u015fime paralel olarak sekt\u00f6rde profesyonel anlamda hizmet vermektir. <\/div>\r\n      <\/div><div class=\"section-title margin-bottom-40px dark text-center\">\r\n                  <img decoding=\"async\" src=\"https:\/\/bodrumbahcesulama.com\/wp-content\/uploads\/2018\/10\/flower.png\" alt=\"\">\r\n                  <div class=\"h2\">\u0130\u015f Anlay\u0131\u015f\u0131m\u0131z Ve Hedefimiz<\/div>\r\n                  <div class=\"des\"> \u0130\u015f anlay\u0131\u015f\u0131m\u0131z: Taahh\u00fcd\u00fcm\u00fcz alt\u0131ndaki i\u015fleri; i\u015f g\u00fcvenli\u011fini \u00f6n planda tutarak en \u00fcst kalitede ve m\u00fc\u015fteri beklentilerinin de \u00f6tesinde, eksiksiz ve zaman\u0131nda teslim etmektedir.<br \/>\nHedefimiz: \u0130\u00e7inde bulundu\u011fumuz sekt\u00f6rde kontroll\u00fc b\u00fcy\u00fcyerek tecr\u00fcbe ve birikimimizi art\u0131rmak, sekt\u00f6rdeki rekabet\u00e7i ve nitelikli pozisyonumuzu muhafaza etmektir.Ayr\u0131ca insan kayna\u011f\u0131na, teknolojiye, yenilik\u00e7ili\u011fe ve yarat\u0131c\u0131l\u0131\u011fa gereken \u00f6nemi vererek, i\u015f g\u00fcvenli\u011fi ve \u00e7evre bilincini yayg\u0131nla\u015ft\u0131rmakt\u0131r. <\/div>\r\n      <\/div><\/div><\/div><\/div><\/div><\/div><\/div><\/div><\/div><\/div><\/div><div class=\"vc_row wpb_row vc_row-fluid vc_custom_1540321404595 vc_row-has-fill\"><div class=\"niletheme-section-row niletheme_row    niletheme_row niletheme-container\"><div class=\"wpb_column vc_column_container vc_col-sm-12\"><div class=\"vc_column-inner\"><div class=\"wpb_wrapper\"><div class=\"vc_row wpb_row vc_inner vc_row-fluid\"><div class=\"wpb_column vc_column_container vc_col-sm-3\"><div class=\"vc_column-inner\"><div class=\"wpb_wrapper\"><div class=\"nile-inner-row\"><div class=\"section-title margin-bottom-40px dark text-center\">\r\n                  <img decoding=\"async\" src=\"https:\/\/bodrumbahcesulama.com\/wp-content\/uploads\/2018\/10\/flower.png\" alt=\"\">\r\n                  <div class=\"h2\"><\/div>\r\n                  <div class=\"des\"> \u2022 H\u0131zl\u0131 ve basit sulama ak\u0131\u015flar\u0131 olu\u015fturmak i\u00e7in haz\u0131r programl\u0131<br \/>\n\u2022 Basit montaj, programlama ve kurulum<br \/>\n\u2022 Test program\u0131 (1 \u2013 10 dakika aras\u0131 b\u00fct\u00fcn istasyonlar), sistemi denemek i\u00e7in <\/div>\r\n      <\/div><\/div><\/div><\/div><\/div><div class=\"wpb_column vc_column_container vc_col-sm-3\"><div class=\"vc_column-inner\"><div class=\"wpb_wrapper\"><div class=\"nile-inner-row\"><div class=\"section-title margin-bottom-40px dark text-center\">\r\n                  <img decoding=\"async\" src=\"https:\/\/bodrumbahcesulama.com\/wp-content\/uploads\/2018\/10\/flower.png\" alt=\"\">\r\n                  <div class=\"h2\"><\/div>\r\n                  <div class=\"des\"> \u2022 Pil-Yedekleme: Elektrik kesilmesi durumunda haf\u0131za ve zaman bilgileri silinmez (Piller \u00fcr\u00fcne dahil)<br \/>\n\u2022 Uzun elektrik kesilmelerine kar\u015f\u0131 koruma program\u0131 ve b\u00f6ylece silinen program korunur (kontrol \u00fcnitesinin geri programlanmas\u0131nda otomatik olarak iptal olur)<br \/>\n <\/div>\r\n      <\/div><\/div><\/div><\/div><\/div><div class=\"wpb_column vc_column_container vc_col-sm-3\"><div class=\"vc_column-inner\"><div class=\"wpb_wrapper\"><div class=\"nile-inner-row\"><div class=\"section-title margin-bottom-40px dark text-center\">\r\n                  <img decoding=\"async\" src=\"https:\/\/bodrumbahcesulama.com\/wp-content\/uploads\/2018\/10\/flower.png\" alt=\"\">\r\n                  <div class=\"h2\"><\/div>\r\n                  <div class=\"des\"> \u2022 Y\u00fcksek voltaja kar\u015f\u0131 koruma giri\u015fi\u2022 Otomatik ara verme (sigortas\u0131z): K\u0131sa devre yada bozuk vanal\u0131 istasyonlar tan\u0131mlan\u0131r, di\u011fer istasyonlarsa sulamaya devam ederler\u2022 Farkl\u0131 sulama talepleri i\u00e7in birbirinden ba\u011f\u0131ms\u0131z d\u00f6ng\u00fcl\u00fc \u00fc\u00e7 program (A, B ve C) <\/div>\r\n      <\/div><\/div><\/div><\/div><\/div><div class=\"wpb_column vc_column_container vc_col-sm-3\"><div class=\"vc_column-inner\"><div class=\"wpb_wrapper\"><div class=\"nile-inner-row\"><div class=\"section-title margin-bottom-40px dark text-center\">\r\n                  <img decoding=\"async\" src=\"https:\/\/bodrumbahcesulama.com\/wp-content\/uploads\/2018\/10\/flower.png\" alt=\"\">\r\n                  <div class=\"h2\"><\/div>\r\n                  <div class=\"des\"> \u2022 365-g\u00fcnl\u00fck takvim (art\u0131k y\u0131l ayar\u0131 dahil)\u2022 Her g\u00fcn sulama i\u00e7in yada her 2, 3 yada 4 g\u00fcn, 7. g\u00fcne kadar kendi kendine tekrarlanan d\u00f6ng\u00fcler. 7 G\u00fcnl\u00fck d\u00f6ng\u00fcde her g\u00fcn sulama g\u00fcn\u00fc olarak a\u00e7\u0131k yada kapal\u0131 duruma getirilebilir.\u2022 Sezonluk uyarlamalar i\u00e7in su b\u00fct\u00e7esi\u2022 Manuel olarak programlar\u0131 silmek i\u00e7in ``Clear\u201d fonksiyonu <\/div>\r\n      <\/div><\/div><\/div><\/div><\/div><\/div><\/div><\/div><\/div><\/div><\/div>","protected":false},"excerpt":{"rendered":"Bodrum Bah\u00e7e Sulama Sistemleri Firmam\u0131z bug\u00fcne kadar \u00f6nemli projelerin hayata ge\u00e7irilmesinde pay sahibi olmu\u015f ve b\u00fcy\u00fcyerek geli\u015fimine devam etmektedir. Bah\u00e7e d\u00fczenleri ve sulama sistemleri konusunda uzman kadro ve ekibi ile siz de\u011ferli m\u00fc\u015fterilerimizin memnuniyetini en \u00fcst seviyede tutarak hizmet vermeyi kendimize ama\u00e7 edindik. Hedefimiz teknolojik ve sosyal geli\u015fime paralel olarak sekt\u00f6rde profesyonel anlamda hizmet vermektir....","protected":false},"author":1,"featured_media":0,"parent":0,"menu_order":0,"comment_status":"closed","ping_status":"closed","template":"page-templates\/home-blank.php","meta":{"_exactmetrics_skip_tracking":false,"_exactmetrics_sitenote_active":false,"_exactmetrics_sitenote_note":"","_exactmetrics_sitenote_category":0,"footnotes":""},"class_list":["post-2510","page","type-page","status-publish","hentry"],"_links":{"self":[{"href":"https:\/\/bodrumbahcesulama.com\/en\/wp-json\/wp\/v2\/pages\/2510","targetHints":{"allow":["GET"]}}],"collection":[{"href":"https:\/\/bodrumbahcesulama.com\/en\/wp-json\/wp\/v2\/pages"}],"about":[{"href":"https:\/\/bodrumbahcesulama.com\/en\/wp-json\/wp\/v2\/types\/page"}],"author":[{"embeddable":true,"href":"https:\/\/bodrumbahcesulama.com\/en\/wp-json\/wp\/v2\/users\/1"}],"replies":[{"embeddable":true,"href":"https:\/\/bodrumbahcesulama.com\/en\/wp-json\/wp\/v2\/comments?post=2510"}],"version-history":[{"count":6,"href":"https:\/\/bodrumbahcesulama.com\/en\/wp-json\/wp\/v2\/pages\/2510\/revisions"}],"predecessor-version":[{"id":2905,"href":"https:\/\/bodrumbahcesulama.com\/en\/wp-json\/wp\/v2\/pages\/2510\/revisions\/2905"}],"wp:attachment":[{"href":"https:\/\/bodrumbahcesulama.com\/en\/wp-json\/wp\/v2\/media?parent=2510"}],"curies":[{"name":"wp","href":"https:\/\/api.w.org\/{rel}","templated":true}]}}